{"id":3,"date":"2025-04-22T23:29:20","date_gmt":"2025-04-22T21:29:20","guid":{"rendered":"http:\/\/bezaiwp68.you2.pl\/?page_id=3"},"modified":"2026-01-11T02:07:00","modified_gmt":"2026-01-11T01:07:00","slug":"polityka-prywatnosci","status":"publish","type":"page","link":"https:\/\/przestrzenznajomosci.pl\/index.php\/polityka-prywatnosci\/","title":{"rendered":"POLITYKA PRYWATNO\u015aCI"},"content":{"rendered":"\n<h1 class=\"wp-block-heading has-medium-font-size\"><strong>Przestrze\u0144 Znajomo\u015bci<\/strong><\/h1>\n\n\n\n<h2 class=\"wp-block-heading\">1. Administrator danych<\/h2>\n\n\n\n<p class=\"has-black-color has-text-color has-link-color wp-elements-e50aab0593b39408bddd8ab816b825c3\">Administratorem danych osobowych jest <strong>Justyna Mi\u0142kowska<\/strong>, e-mail: <strong><a>przestrzen.znajomosci@gmail.com<\/a><\/strong><\/p>\n\n\n\n<hr class=\"wp-block-separator has-alpha-channel-opacity\"\/>\n\n\n\n<h2 class=\"wp-block-heading\">2. Zakres przetwarzanych danych<\/h2>\n\n\n\n<p class=\"has-black-color has-text-color has-link-color wp-elements-53f9c4b64014242a669621f9a97eb399\">Przetwarzane dane osobowe obejmuj\u0105:<\/p>\n\n\n\n<ul class=\"wp-block-list\">\n<li class=\"has-black-color has-text-color has-link-color wp-elements-5a3f245beed2af56ede35d3aa33aa223\">imi\u0119 i nazwisko,<\/li>\n\n\n\n<li class=\"has-black-color has-text-color has-link-color wp-elements-785b301ec55a9a959c6defe2565edfb8\">adres e-mail,<\/li>\n\n\n\n<li class=\"has-black-color has-text-color has-link-color wp-elements-78f456f2d96c93a247e06b09ff1f20bf\">dane dotycz\u0105ce p\u0142atno\u015bci (przetwarzane przez operatora p\u0142atno\u015bci),<\/li>\n\n\n\n<li class=\"has-black-color has-text-color has-link-color wp-elements-7b9bc2d3530ea1888f6e62074dac959b\">dane przekazane dobrowolnie w formularzach, ankietach lub w trakcie korzystania z Us\u0142ugi.<\/li>\n<\/ul>\n\n\n\n<hr class=\"wp-block-separator has-alpha-channel-opacity\"\/>\n\n\n\n<h2 class=\"wp-block-heading\">3. Cele przetwarzania danych<\/h2>\n\n\n\n<p class=\"has-black-color has-text-color has-link-color wp-elements-fa7c1f3309609e2b2cad7bdc25ddb7ad\">Dane osobowe przetwarzane s\u0105 w celu:<\/p>\n\n\n\n<ul class=\"wp-block-list\">\n<li class=\"has-black-color has-text-color has-link-color wp-elements-e2922f3d8be2bffb81a88c98387af671\">zawarcia i realizacji umowy,<\/li>\n\n\n\n<li class=\"has-black-color has-text-color has-link-color wp-elements-c9364e265ccd0d4f921a8e169f3e3397\">obs\u0142ugi Subskrypcji i p\u0142atno\u015bci,<\/li>\n\n\n\n<li class=\"has-black-color has-text-color has-link-color wp-elements-437ce383699a6999fa2819a96e5a0948\">komunikacji z U\u017cytkownikiem,<\/li>\n\n\n\n<li class=\"has-black-color has-text-color has-link-color wp-elements-704e096823ec4344759ffd3012bb7230\">realizacji obowi\u0105zk\u00f3w prawnych,<\/li>\n\n\n\n<li class=\"has-black-color has-text-color has-link-color wp-elements-b1f65c8b774aaffbd7569f5e67aac2e3\">zapewnienia prawid\u0142owego funkcjonowania Serwisu.<\/li>\n<\/ul>\n\n\n\n<hr class=\"wp-block-separator has-alpha-channel-opacity\"\/>\n\n\n\n<h2 class=\"wp-block-heading\">4. Podstawa prawna przetwarzania<\/h2>\n\n\n\n<p class=\"has-black-color has-text-color has-link-color wp-elements-b91bf10e7d06ba7a5a1f14240cb25c23\">Dane osobowe przetwarzane s\u0105 na podstawie art. 6 ust. 1 RODO:<\/p>\n\n\n\n<ul class=\"wp-block-list\">\n<li class=\"has-black-color has-text-color has-link-color wp-elements-fe47bfe6f1be8546737646afb98426cd\">lit. b \u2013 wykonanie umowy,<\/li>\n\n\n\n<li class=\"has-black-color has-text-color has-link-color wp-elements-4322db40ead3a8b17d835fc1188ec51b\">lit. c \u2013 obowi\u0105zek prawny,<\/li>\n\n\n\n<li class=\"has-black-color has-text-color has-link-color wp-elements-90ae3805b0856fdb74828915648a1535\">lit. f \u2013 prawnie uzasadniony interes Administratora.<\/li>\n<\/ul>\n\n\n\n<hr class=\"wp-block-separator has-alpha-channel-opacity\"\/>\n\n\n\n<h2 class=\"wp-block-heading\">5. Odbiorcy danych<\/h2>\n\n\n\n<p class=\"has-black-color has-text-color has-link-color wp-elements-cf1e1b9614caf6949ec6943e2c6196f7\">Dane osobowe mog\u0105 by\u0107 przekazywane podmiotom trzecim, takim jak:<\/p>\n\n\n\n<ul class=\"wp-block-list\">\n<li class=\"has-black-color has-text-color has-link-color wp-elements-8b5ad99087c3a0a8f58b38a99e7c4248\">operator p\u0142atno\u015bci <strong>Stripe<\/strong>,<\/li>\n\n\n\n<li class=\"has-black-color has-text-color has-link-color wp-elements-8905f20a9dfcde289ce20598204040a1\">platforma <strong>Discord<\/strong>,<\/li>\n\n\n\n<li class=\"has-black-color has-text-color has-link-color wp-elements-c6e19c5f9745f431c8dc593485f59d19\">dostawcy us\u0142ug IT.<\/li>\n<\/ul>\n\n\n\n<hr class=\"wp-block-separator has-alpha-channel-opacity\"\/>\n\n\n\n<h2 class=\"wp-block-heading\">6. Okres przechowywania danych<\/h2>\n\n\n\n<p class=\"has-black-color has-text-color has-link-color wp-elements-fa06e613a8500ee4e870e5c746fd3542\">Dane osobowe przechowywane s\u0105 przez okres trwania umowy oraz po jej zako\u0144czeniu przez czas wymagany przepisami prawa.<\/p>\n\n\n\n<hr class=\"wp-block-separator has-alpha-channel-opacity\"\/>\n\n\n\n<h2 class=\"wp-block-heading\">7. Prawa osoby, kt\u00f3rej dane dotycz\u0105<\/h2>\n\n\n\n<p class=\"has-black-color has-text-color has-link-color wp-elements-1a46d2fda9cb5e7b39740aa8fccaf4ae\">U\u017cytkownik ma prawo do:<\/p>\n\n\n\n<ul class=\"wp-block-list\">\n<li class=\"has-black-color has-text-color has-link-color wp-elements-fc77cdcbc60c90d2a1c68762dccc556f\">dost\u0119pu do danych,<\/li>\n\n\n\n<li class=\"has-black-color has-text-color has-link-color wp-elements-2cad350cfb08be4257190268525ab4d4\">ich sprostowania,<\/li>\n\n\n\n<li class=\"has-black-color has-text-color has-link-color wp-elements-0ee3d8effa4f6c5e56a5373828bbf6b6\">usuni\u0119cia,<\/li>\n\n\n\n<li class=\"has-black-color has-text-color has-link-color wp-elements-521ce499b120da201855449c14c69558\">ograniczenia przetwarzania,<\/li>\n\n\n\n<li class=\"has-black-color has-text-color has-link-color wp-elements-d84eb8857f85eaa855f402d4f7319b7c\">wniesienia sprzeciwu,<\/li>\n\n\n\n<li class=\"has-black-color has-text-color has-link-color wp-elements-b82e68d533e6cb8be8fbca2e1a6b028d\">wniesienia skargi do Prezesa Urz\u0119du Ochrony Danych Osobowych.<\/li>\n<\/ul>\n\n\n\n<hr class=\"wp-block-separator has-alpha-channel-opacity\"\/>\n\n\n\n<h2 class=\"wp-block-heading\">8. Pliki cookies<\/h2>\n\n\n\n<p class=\"has-black-color has-text-color has-link-color wp-elements-4e94056b6ac82c37e8780921ccb7d549\">Serwis wykorzystuje pliki cookies w celach technicznych i statystycznych.<\/p>\n\n\n\n<hr class=\"wp-block-separator has-alpha-channel-opacity\"\/>\n\n\n\n<h2 class=\"wp-block-heading\">9. Zmiany Polityki Prywatno\u015bci<\/h2>\n\n\n\n<p class=\"has-black-color has-text-color has-link-color wp-elements-83c04058b6dca45a2b53b4c2a7d94807\">Administrator zastrzega sobie prawo do zmiany niniejszej Polityki Prywatno\u015bci.<\/p>\n\n\n\n<hr class=\"wp-block-separator has-alpha-channel-opacity\"\/>\n\n\n\n<h2 class=\"wp-block-heading\">10. Kontakt<\/h2>\n\n\n\n<p class=\"has-black-color has-text-color has-link-color wp-elements-6f0ff47a7e567942ae17ad8ad92f62aa\">W sprawach zwi\u0105zanych z ochron\u0105 danych osobowych prosimy o kontakt pod adresem e-mail: <strong><a>przestrzen.znajomosci@gmail.com<\/a><\/strong><\/p>\n","protected":false},"excerpt":{"rendered":"<p>Przestrze\u0144 Znajomo\u015bci 1. Administrator danych Administratorem danych osobowych jest Justyna Mi\u0142kowska, e-mail: przestrzen.znajomosci@gmail.com 2. Zakres przetwarzanych danych Przetwarzane dane osobowe obejmuj\u0105: 3. Cele przetwarzania danych Dane osobowe przetwarzane s\u0105 w celu: 4. Podstawa prawna przetwarzania Dane osobowe przetwarzane s\u0105 na podstawie art. 6 ust. 1 RODO: 5. Odbiorcy danych Dane osobowe mog\u0105 by\u0107 przekazywane podmiotom [&hellip;]<\/p>\n","protected":false},"author":1,"featured_media":0,"parent":0,"menu_order":0,"comment_status":"closed","ping_status":"open","template":"","meta":{"footnotes":""},"class_list":["post-3","page","type-page","status-publish","hentry"],"blocksy_meta":{"disable_featured_image":"no","styles_descriptor":{"styles":{"desktop":"","tablet":"","mobile":""},"google_fonts":[],"version":6},"disable_header":"no","disable_share_box":"no","background":{"background_type":"color","background_pattern":"type-1","background_image":{"attachment_id":null,"x":0,"y":0},"gradient":"linear-gradient(135deg,rgba(6,147,227,1) 0%,rgb(155,81,224) 100%)","background_repeat":"repeat","background_size":"auto","background_attachment":"scroll","patternColor":{"default":{"color":"#e5e7ea"}},"overlayColor":{"default":{"color":"CT_CSS_SKIP_RULE"}},"backgroundColor":{"default":{"color":"CT_CSS_SKIP_RULE"}}},"content_style_source":"inherit","vertical_spacing_source":"inherit","content_area_spacing":"both","content_style":"wide","page_structure_type":"default"},"yoast_head":"<!-- This site is optimized with the Yoast SEO plugin v26.7 - https:\/\/yoast.com\/wordpress\/plugins\/seo\/ -->\n<title>POLITYKA PRYWATNO\u015aCI - Przestrze\u0144 Znajomo\u015bci<\/title>\n<meta name=\"robots\" content=\"index, follow, max-snippet:-1, max-image-preview:large, max-video-preview:-1\" \/>\n<link rel=\"canonical\" href=\"https:\/\/przestrzenznajomosci.pl\/index.php\/polityka-prywatnosci\/\" \/>\n<meta property=\"og:locale\" content=\"pl_PL\" \/>\n<meta property=\"og:type\" content=\"article\" \/>\n<meta property=\"og:title\" content=\"POLITYKA PRYWATNO\u015aCI - Przestrze\u0144 Znajomo\u015bci\" \/>\n<meta property=\"og:description\" content=\"Przestrze\u0144 Znajomo\u015bci 1. Administrator danych Administratorem danych osobowych jest Justyna Mi\u0142kowska, e-mail: przestrzen.znajomosci@gmail.com 2. Zakres przetwarzanych danych Przetwarzane dane osobowe obejmuj\u0105: 3. Cele przetwarzania danych Dane osobowe przetwarzane s\u0105 w celu: 4. Podstawa prawna przetwarzania Dane osobowe przetwarzane s\u0105 na podstawie art. 6 ust. 1 RODO: 5. Odbiorcy danych Dane osobowe mog\u0105 by\u0107 przekazywane podmiotom [&hellip;]\" \/>\n<meta property=\"og:url\" content=\"https:\/\/przestrzenznajomosci.pl\/index.php\/polityka-prywatnosci\/\" \/>\n<meta property=\"og:site_name\" content=\"Przestrze\u0144 Znajomo\u015bci\" \/>\n<meta property=\"article:modified_time\" content=\"2026-01-11T01:07:00+00:00\" \/>\n<meta name=\"twitter:card\" content=\"summary_large_image\" \/>\n<meta name=\"twitter:label1\" content=\"Szacowany czas czytania\" \/>\n\t<meta name=\"twitter:data1\" content=\"1 minuta\" \/>\n<script type=\"application\/ld+json\" class=\"yoast-schema-graph\">{\"@context\":\"https:\/\/schema.org\",\"@graph\":[{\"@type\":\"WebPage\",\"@id\":\"https:\/\/przestrzenznajomosci.pl\/index.php\/polityka-prywatnosci\/\",\"url\":\"https:\/\/przestrzenznajomosci.pl\/index.php\/polityka-prywatnosci\/\",\"name\":\"POLITYKA PRYWATNO\u015aCI - Przestrze\u0144 Znajomo\u015bci\",\"isPartOf\":{\"@id\":\"https:\/\/przestrzenznajomosci.pl\/#website\"},\"datePublished\":\"2025-04-22T21:29:20+00:00\",\"dateModified\":\"2026-01-11T01:07:00+00:00\",\"breadcrumb\":{\"@id\":\"https:\/\/przestrzenznajomosci.pl\/index.php\/polityka-prywatnosci\/#breadcrumb\"},\"inLanguage\":\"pl-PL\",\"potentialAction\":[{\"@type\":\"ReadAction\",\"target\":[\"https:\/\/przestrzenznajomosci.pl\/index.php\/polityka-prywatnosci\/\"]}]},{\"@type\":\"BreadcrumbList\",\"@id\":\"https:\/\/przestrzenznajomosci.pl\/index.php\/polityka-prywatnosci\/#breadcrumb\",\"itemListElement\":[{\"@type\":\"ListItem\",\"position\":1,\"name\":\"Strona g\u0142\u00f3wna\",\"item\":\"https:\/\/przestrzenznajomosci.pl\/\"},{\"@type\":\"ListItem\",\"position\":2,\"name\":\"POLITYKA PRYWATNO\u015aCI\"}]},{\"@type\":\"WebSite\",\"@id\":\"https:\/\/przestrzenznajomosci.pl\/#website\",\"url\":\"https:\/\/przestrzenznajomosci.pl\/\",\"name\":\"Przestrze\u0144 Znajomo\u015bci\",\"description\":\"Spo\u0142eczno\u015b\u0107 kobiet w aplikacji Discord\",\"publisher\":{\"@id\":\"https:\/\/przestrzenznajomosci.pl\/#organization\"},\"potentialAction\":[{\"@type\":\"SearchAction\",\"target\":{\"@type\":\"EntryPoint\",\"urlTemplate\":\"https:\/\/przestrzenznajomosci.pl\/?s={search_term_string}\"},\"query-input\":{\"@type\":\"PropertyValueSpecification\",\"valueRequired\":true,\"valueName\":\"search_term_string\"}}],\"inLanguage\":\"pl-PL\"},{\"@type\":\"Organization\",\"@id\":\"https:\/\/przestrzenznajomosci.pl\/#organization\",\"name\":\"Przestrze\u0144 Znajomo\u015bci\",\"url\":\"https:\/\/przestrzenznajomosci.pl\/\",\"logo\":{\"@type\":\"ImageObject\",\"inLanguage\":\"pl-PL\",\"@id\":\"https:\/\/przestrzenznajomosci.pl\/#\/schema\/logo\/image\/\",\"url\":\"https:\/\/przestrzenznajomosci.pl\/wp-content\/uploads\/2026\/01\/przestrzen-znajomosci-logo.svg\",\"contentUrl\":\"https:\/\/przestrzenznajomosci.pl\/wp-content\/uploads\/2026\/01\/przestrzen-znajomosci-logo.svg\",\"width\":310,\"height\":106,\"caption\":\"Przestrze\u0144 Znajomo\u015bci\"},\"image\":{\"@id\":\"https:\/\/przestrzenznajomosci.pl\/#\/schema\/logo\/image\/\"}}]}<\/script>\n<!-- \/ Yoast SEO plugin. -->","yoast_head_json":{"title":"POLITYKA PRYWATNO\u015aCI - Przestrze\u0144 Znajomo\u015bci","robots":{"index":"index","follow":"follow","max-snippet":"max-snippet:-1","max-image-preview":"max-image-preview:large","max-video-preview":"max-video-preview:-1"},"canonical":"https:\/\/przestrzenznajomosci.pl\/index.php\/polityka-prywatnosci\/","og_locale":"pl_PL","og_type":"article","og_title":"POLITYKA PRYWATNO\u015aCI - Przestrze\u0144 Znajomo\u015bci","og_description":"Przestrze\u0144 Znajomo\u015bci 1. Administrator danych Administratorem danych osobowych jest Justyna Mi\u0142kowska, e-mail: przestrzen.znajomosci@gmail.com 2. Zakres przetwarzanych danych Przetwarzane dane osobowe obejmuj\u0105: 3. Cele przetwarzania danych Dane osobowe przetwarzane s\u0105 w celu: 4. Podstawa prawna przetwarzania Dane osobowe przetwarzane s\u0105 na podstawie art. 6 ust. 1 RODO: 5. Odbiorcy danych Dane osobowe mog\u0105 by\u0107 przekazywane podmiotom [&hellip;]","og_url":"https:\/\/przestrzenznajomosci.pl\/index.php\/polityka-prywatnosci\/","og_site_name":"Przestrze\u0144 Znajomo\u015bci","article_modified_time":"2026-01-11T01:07:00+00:00","twitter_card":"summary_large_image","twitter_misc":{"Szacowany czas czytania":"1 minuta"},"schema":{"@context":"https:\/\/schema.org","@graph":[{"@type":"WebPage","@id":"https:\/\/przestrzenznajomosci.pl\/index.php\/polityka-prywatnosci\/","url":"https:\/\/przestrzenznajomosci.pl\/index.php\/polityka-prywatnosci\/","name":"POLITYKA PRYWATNO\u015aCI - Przestrze\u0144 Znajomo\u015bci","isPartOf":{"@id":"https:\/\/przestrzenznajomosci.pl\/#website"},"datePublished":"2025-04-22T21:29:20+00:00","dateModified":"2026-01-11T01:07:00+00:00","breadcrumb":{"@id":"https:\/\/przestrzenznajomosci.pl\/index.php\/polityka-prywatnosci\/#breadcrumb"},"inLanguage":"pl-PL","potentialAction":[{"@type":"ReadAction","target":["https:\/\/przestrzenznajomosci.pl\/index.php\/polityka-prywatnosci\/"]}]},{"@type":"BreadcrumbList","@id":"https:\/\/przestrzenznajomosci.pl\/index.php\/polityka-prywatnosci\/#breadcrumb","itemListElement":[{"@type":"ListItem","position":1,"name":"Strona g\u0142\u00f3wna","item":"https:\/\/przestrzenznajomosci.pl\/"},{"@type":"ListItem","position":2,"name":"POLITYKA PRYWATNO\u015aCI"}]},{"@type":"WebSite","@id":"https:\/\/przestrzenznajomosci.pl\/#website","url":"https:\/\/przestrzenznajomosci.pl\/","name":"Przestrze\u0144 Znajomo\u015bci","description":"Spo\u0142eczno\u015b\u0107 kobiet w aplikacji Discord","publisher":{"@id":"https:\/\/przestrzenznajomosci.pl\/#organization"},"potentialAction":[{"@type":"SearchAction","target":{"@type":"EntryPoint","urlTemplate":"https:\/\/przestrzenznajomosci.pl\/?s={search_term_string}"},"query-input":{"@type":"PropertyValueSpecification","valueRequired":true,"valueName":"search_term_string"}}],"inLanguage":"pl-PL"},{"@type":"Organization","@id":"https:\/\/przestrzenznajomosci.pl\/#organization","name":"Przestrze\u0144 Znajomo\u015bci","url":"https:\/\/przestrzenznajomosci.pl\/","logo":{"@type":"ImageObject","inLanguage":"pl-PL","@id":"https:\/\/przestrzenznajomosci.pl\/#\/schema\/logo\/image\/","url":"https:\/\/przestrzenznajomosci.pl\/wp-content\/uploads\/2026\/01\/przestrzen-znajomosci-logo.svg","contentUrl":"https:\/\/przestrzenznajomosci.pl\/wp-content\/uploads\/2026\/01\/przestrzen-znajomosci-logo.svg","width":310,"height":106,"caption":"Przestrze\u0144 Znajomo\u015bci"},"image":{"@id":"https:\/\/przestrzenznajomosci.pl\/#\/schema\/logo\/image\/"}}]}},"_links":{"self":[{"href":"https:\/\/przestrzenznajomosci.pl\/index.php\/wp-json\/wp\/v2\/pages\/3","targetHints":{"allow":["GET"]}}],"collection":[{"href":"https:\/\/przestrzenznajomosci.pl\/index.php\/wp-json\/wp\/v2\/pages"}],"about":[{"href":"https:\/\/przestrzenznajomosci.pl\/index.php\/wp-json\/wp\/v2\/types\/page"}],"author":[{"embeddable":true,"href":"https:\/\/przestrzenznajomosci.pl\/index.php\/wp-json\/wp\/v2\/users\/1"}],"replies":[{"embeddable":true,"href":"https:\/\/przestrzenznajomosci.pl\/index.php\/wp-json\/wp\/v2\/comments?post=3"}],"version-history":[{"count":3,"href":"https:\/\/przestrzenznajomosci.pl\/index.php\/wp-json\/wp\/v2\/pages\/3\/revisions"}],"predecessor-version":[{"id":885,"href":"https:\/\/przestrzenznajomosci.pl\/index.php\/wp-json\/wp\/v2\/pages\/3\/revisions\/885"}],"wp:attachment":[{"href":"https:\/\/przestrzenznajomosci.pl\/index.php\/wp-json\/wp\/v2\/media?parent=3"}],"curies":[{"name":"wp","href":"https:\/\/api.w.org\/{rel}","templated":true}]}}