{"id":477,"date":"2022-02-08T13:33:55","date_gmt":"2022-02-08T13:33:55","guid":{"rendered":"https:\/\/startersites.io\/stagingfour\/?page_id=3"},"modified":"2026-01-11T02:01:10","modified_gmt":"2026-01-11T01:01:10","slug":"regulamin","status":"publish","type":"page","link":"https:\/\/przestrzenznajomosci.pl\/index.php\/regulamin\/","title":{"rendered":"REGULAMIN"},"content":{"rendered":"\n<h1 class=\"wp-block-heading has-medium-font-size\"><strong>Przestrze\u0144 Znajomo\u015bci<\/strong><\/h1>\n\n\n\n<h2 class=\"wp-block-heading\">\u00a71. Informacje og\u00f3lne<\/h2>\n\n\n\n<ol class=\"wp-block-list\">\n<li class=\"has-black-color has-text-color has-link-color wp-elements-91f52a4d2ccf3eff9ecf1490e051a4e6\">Niniejszy Regulamin okre\u015bla zasady korzystania ze strony internetowej <a href=\"https:\/\/przestrzenznajomosci.pl\/\">https:\/\/przestrzenznajomosci.pl\/<\/a> oraz zasady uczestnictwa w spo\u0142eczno\u015bci online \u201ePrzestrze\u0144 Znajomo\u015bci\u201d.<\/li>\n\n\n\n<li class=\"has-black-color has-text-color has-link-color wp-elements-9c92de9cb5da97fe37c11f4c52427bc6\">Us\u0142ugodawc\u0105 jest <strong>Justyna Mi\u0142kowska<\/strong>, osoba fizyczna prowadz\u0105ca dzia\u0142alno\u015b\u0107 nierejestrowan\u0105 zgodnie z art. 5 ustawy Prawo przedsi\u0119biorc\u00f3w, e-mail: <strong><a>przestrzen.znajomosci@gmail.com<\/a><\/strong>, telefon:\u00a0604 574 408<\/li>\n\n\n\n<li class=\"has-black-color has-text-color has-link-color wp-elements-7055fd396ea78ac1493ba993e9c2d97d\">Regulamin jest dost\u0119pny nieodp\u0142atnie na stronie internetowej przed zawarciem umowy.<\/li>\n\n\n\n<li class=\"has-black-color has-text-color has-link-color wp-elements-5935a7601c4e849fd89b0a45e64685f2\">Zawarcie umowy oznacza akceptacj\u0119 niniejszego Regulaminu.<\/li>\n<\/ol>\n\n\n\n<hr class=\"wp-block-separator has-alpha-channel-opacity\"\/>\n\n\n\n<h2 class=\"wp-block-heading\">\u00a72. Definicje<\/h2>\n\n\n\n<ol class=\"wp-block-list\">\n<li class=\"has-black-color has-text-color has-link-color wp-elements-0ed48b05c0f4ad2cfa85285093291b1a\"><strong>Serwis<\/strong> \u2013 strona internetowa dost\u0119pna pod adresem <a href=\"https:\/\/przestrzenznajomosci.pl\/\">https:\/\/przestrzenznajomosci.pl\/<\/a><\/li>\n\n\n\n<li class=\"has-black-color has-text-color has-link-color wp-elements-7e28361c6b09ef93ebfc6b8119fc0ff2\"><strong>Us\u0142ugodawca<\/strong> \u2013 osoba wskazana w \u00a71 ust. 2.<\/li>\n\n\n\n<li class=\"has-black-color has-text-color has-link-color wp-elements-61c8d61d4fb65929818487d4645a3b54\"><strong>U\u017cytkownik<\/strong> \u2013 osoba fizyczna korzystaj\u0105ca z Serwisu.<\/li>\n\n\n\n<li class=\"has-black-color has-text-color has-link-color wp-elements-2fa716a733ccabca8c35dc6ec27edef4\"><strong>Konsument<\/strong> \u2013 U\u017cytkownik dokonuj\u0105cy zakupu niezwi\u0105zanego bezpo\u015brednio z dzia\u0142alno\u015bci\u0105 gospodarcz\u0105.<\/li>\n\n\n\n<li class=\"has-black-color has-text-color has-link-color wp-elements-21059ce621dbc215c0f1d6feff0b1bb2\"><strong>Us\u0142uga<\/strong> \u2013 odp\u0142atny dost\u0119p do zamkni\u0119tej spo\u0142eczno\u015bci online \u201ePrzestrze\u0144 Znajomo\u015bci\u201d, realizowanej za po\u015brednictwem platformy Discord.<\/li>\n\n\n\n<li class=\"has-black-color has-text-color has-link-color wp-elements-86cdbfeb2c9224a179e7dbdfbafda1c0\"><strong>Subskrypcja<\/strong> \u2013 cykliczna forma \u015bwiadczenia Us\u0142ugi, polegaj\u0105ca na automatycznym odnawianiu dost\u0119pu w zamian za comiesi\u0119czn\u0105 op\u0142at\u0119.<\/li>\n<\/ol>\n\n\n\n<hr class=\"wp-block-separator has-alpha-channel-opacity\"\/>\n\n\n\n<h2 class=\"wp-block-heading\">\u00a73. Zakres Us\u0142ugi<\/h2>\n\n\n\n<ol class=\"wp-block-list\">\n<li class=\"has-black-color has-text-color has-link-color wp-elements-fac514c15a8ab97e7c29aa89dab1d6ee\">Us\u0142uga polega na zapewnieniu dost\u0119pu do zamkni\u0119tej spo\u0142eczno\u015bci online, w ramach kt\u00f3rej mog\u0105 by\u0107 oferowane m.in.:\n<ul class=\"wp-block-list\">\n<li>grupy dyskusyjne,<\/li>\n\n\n\n<li>spotkania online,<\/li>\n\n\n\n<li>parowania 1:1,<\/li>\n\n\n\n<li>wsp\u00f3lne wyzwania oraz inne aktywno\u015bci opisane w Serwisie.<\/li>\n<\/ul>\n<\/li>\n\n\n\n<li class=\"has-black-color has-text-color has-link-color wp-elements-fe01a6eb2a0e04e5cdbf9da38528bfda\">Zakres i forma Us\u0142ugi mog\u0105 ulega\u0107 zmianom, przy zachowaniu jej og\u00f3lnego charakteru.<\/li>\n<\/ol>\n\n\n\n<hr class=\"wp-block-separator has-alpha-channel-opacity\"\/>\n\n\n\n<h2 class=\"wp-block-heading\">\u00a74. Warunki korzystania<\/h2>\n\n\n\n<ol class=\"wp-block-list\">\n<li class=\"has-black-color has-text-color has-link-color wp-elements-5e9c1ab136dccf96ae68f6e1d6ea9e88\">Korzystanie z Us\u0142ugi jest dobrowolne.<\/li>\n\n\n\n<li class=\"has-black-color has-text-color has-link-color wp-elements-8959b097fa50737aa6c3fad4c52bef3b\">U\u017cytkownik zobowi\u0105zuje si\u0119 do korzystania z Us\u0142ugi w spos\u00f3b zgodny z prawem, zasadami wsp\u00f3\u0142\u017cycia spo\u0142ecznego oraz niniejszym Regulaminem.<\/li>\n\n\n\n<li class=\"has-black-color has-text-color has-link-color wp-elements-256a74ca9611d0a3ab83b454f027f230\">Zabronione jest:\n<ul class=\"wp-block-list\">\n<li>publikowanie tre\u015bci obra\u017aliwych, nielegalnych lub naruszaj\u0105cych prawa os\u00f3b trzecich,<\/li>\n\n\n\n<li>naruszanie prywatno\u015bci innych U\u017cytkownik\u00f3w,<\/li>\n\n\n\n<li>udost\u0119pnianie swojego dost\u0119pu osobom trzecim.<\/li>\n<\/ul>\n<\/li>\n\n\n\n<li class=\"has-black-color has-text-color has-link-color wp-elements-0049f5b011365f17afd3a1bfb2231ddc\">Us\u0142ugodawca zastrzega sobie prawo do usuni\u0119cia U\u017cytkownika ze spo\u0142eczno\u015bci w przypadku ra\u017c\u0105cego naruszenia Regulaminu.<\/li>\n<\/ol>\n\n\n\n<hr class=\"wp-block-separator has-alpha-channel-opacity\"\/>\n\n\n\n<h2 class=\"wp-block-heading\">\u00a74a. Wymagania techniczne<\/h2>\n\n\n\n<ol class=\"wp-block-list\">\n<li class=\"has-black-color has-text-color has-link-color wp-elements-d8049cfa3aa30cd062039bb1555ccd46\">Do korzystania z Us\u0142ugi niezb\u0119dne jest posiadanie aktywnego konta w aplikacji <strong>Discord<\/strong>.<\/li>\n\n\n\n<li class=\"has-black-color has-text-color has-link-color wp-elements-29f79a1f917a7722f3c69b06e89bdcf3\">Aplikacja Discord mo\u017ce by\u0107 u\u017cywana na komputerze lub urz\u0105dzeniu mobilnym (telefonie).<\/li>\n\n\n\n<li class=\"has-black-color has-text-color has-link-color wp-elements-6fca10f63fa1dcd16113624d891c98cf\">U\u017cytkownik zobowi\u0105zany jest do samodzielnego pobrania i zainstalowania aplikacji Discord.<\/li>\n\n\n\n<li class=\"has-black-color has-text-color has-link-color wp-elements-7240374afd1f7d4066ed092833a10fe4\">Us\u0142ugodawca nie ponosi odpowiedzialno\u015bci za brak mo\u017cliwo\u015bci korzystania z Us\u0142ugi wynikaj\u0105cy z braku dost\u0119pu do aplikacji Discord lub problem\u00f3w technicznych le\u017c\u0105cych po stronie U\u017cytkownika.<\/li>\n<\/ol>\n\n\n\n<hr class=\"wp-block-separator has-alpha-channel-opacity\"\/>\n\n\n\n<h2 class=\"wp-block-heading\">\u00a75. Zawarcie umowy i Subskrypcja<\/h2>\n\n\n\n<ol class=\"wp-block-list\">\n<li class=\"has-black-color has-text-color has-link-color wp-elements-371817becaa266819058ef2e63615988\">Umowa o \u015bwiadczenie Us\u0142ugi zostaje zawarta z chwil\u0105 dokonania pierwszej p\u0142atno\u015bci przez U\u017cytkownika.<\/li>\n\n\n\n<li class=\"has-black-color has-text-color has-link-color wp-elements-7111cbd4eac1b7a10476be2715408322\">Us\u0142uga ma charakter <strong>subskrypcyjny<\/strong> i polega na cyklicznym pobieraniu op\u0142aty w wysoko\u015bci <strong>49 z\u0142 (czterdzie\u015bci dziewi\u0119\u0107 z\u0142otych) miesi\u0119cznie<\/strong>.<\/li>\n\n\n\n<li class=\"has-black-color has-text-color has-link-color wp-elements-106bed88ecc97048f8e6688c37194d1b\">P\u0142atno\u015bci realizowane s\u0105 automatycznie co miesi\u0105c za po\u015brednictwem zewn\u0119trznego operatora p\u0142atno\u015bci <strong>Stripe<\/strong>.<\/li>\n\n\n\n<li class=\"has-black-color has-text-color has-link-color wp-elements-35216e70f767efc73e0761c0a95edbfe\">Subskrypcja zawierana jest na czas nieokre\u015blony i obowi\u0105zuje do momentu jej anulowania.<\/li>\n\n\n\n<li class=\"has-black-color has-text-color has-link-color wp-elements-b6fe8aa34a7c453cf0d7d56db773b234\">U\u017cytkownik mo\u017ce zrezygnowa\u0107 z Subskrypcji w dowolnym momencie.<\/li>\n\n\n\n<li class=\"has-black-color has-text-color has-link-color wp-elements-1d9887d9217115937ba654c8c2ff961e\">W celu rezygnacji z Subskrypcji U\u017cytkownik zobowi\u0105zany jest do kontaktu z Us\u0142ugodawc\u0105 drog\u0105 mailow\u0105 co najmniej <strong>1 dzie\u0144 przed planowanym pobraniem kolejnej p\u0142atno\u015bci<\/strong>, pod adresem: <strong><a>przestrzen.znajomosci@gmail.com<\/a><\/strong><\/li>\n\n\n\n<li class=\"has-black-color has-text-color has-link-color wp-elements-c609ad94a9d872aeb2174a60f4affa9a\">Rezygnacja skutkuje zako\u0144czeniem Subskrypcji z ko\u0144cem op\u0142aconego okresu rozliczeniowego.<\/li>\n\n\n\n<li class=\"has-black-color has-text-color has-link-color wp-elements-ce89650ea0b70b30bc2f08faad15a5c6\">Op\u0142ata za rozpocz\u0119ty okres subskrypcyjny nie podlega zwrotowi po up\u0142ywie 14 dni od zawarcia umowy.<\/li>\n\n\n\n<li class=\"has-black-color has-text-color has-link-color wp-elements-6d12cd7d7d02406c8f55d0f86c1aeea8\">W przypadku dokonania p\u0142atno\u015bci przed faktycznym rozpocz\u0119ciem \u015bwiadczenia Us\u0142ugi, dost\u0119p do spo\u0142eczno\u015bci zostanie przyznany w dniu rozpocz\u0119cia Us\u0142ugi.<\/li>\n\n\n\n<li class=\"has-black-color has-text-color has-link-color wp-elements-d79fe4564ceadd44674db7cdc8187c01\">Okres subskrypcyjny liczony jest od dnia faktycznego rozpocz\u0119cia \u015bwiadczenia Us\u0142ugi.<\/li>\n<\/ol>\n\n\n\n<hr class=\"wp-block-separator has-alpha-channel-opacity\"\/>\n\n\n\n<h2 class=\"wp-block-heading\">\u00a76. Prawo odst\u0105pienia od umowy<\/h2>\n\n\n\n<ol class=\"wp-block-list\">\n<li class=\"has-black-color has-text-color has-link-color wp-elements-ffb1a8e6bd17403136491f45be6831dd\">Konsumentowi przys\u0142uguje prawo odst\u0105pienia od umowy w terminie <strong>14 dni od dnia jej zawarcia<\/strong>.<\/li>\n\n\n\n<li class=\"has-black-color has-text-color has-link-color wp-elements-27db0f90b4c12d7db62fa6bd36c5392c\">W przypadku odst\u0105pienia od umowy Subskrypcja zostaje anulowana, a U\u017cytkownik traci dost\u0119p do Us\u0142ugi.<\/li>\n\n\n\n<li class=\"has-black-color has-text-color has-link-color wp-elements-dd343a2c206b2c509895e1f35f019da8\">Po up\u0142ywie 14 dni od zawarcia umowy op\u0142aty za rozpocz\u0119te okresy subskrypcyjne nie podlegaj\u0105 zwrotowi.<\/li>\n<\/ol>\n\n\n\n<hr class=\"wp-block-separator has-alpha-channel-opacity\"\/>\n\n\n\n<h2 class=\"wp-block-heading\">\u00a77. Reklamacje<\/h2>\n\n\n\n<ol class=\"wp-block-list\">\n<li class=\"has-black-color has-text-color has-link-color wp-elements-2524cfcd9e1967a011a435b29d37bd50\">Reklamacje dotycz\u0105ce Us\u0142ugi mo\u017cna zg\u0142asza\u0107 drog\u0105 mailow\u0105 na adres <strong><a>przestrzen.znajomosci@gmail.com<\/a><\/strong>.<\/li>\n\n\n\n<li class=\"has-black-color has-text-color has-link-color wp-elements-290f1823a9f24644554c2de6595471e7\">Reklamacje rozpatrywane s\u0105 w terminie 14 dni od dnia ich otrzymania.<\/li>\n<\/ol>\n\n\n\n<hr class=\"wp-block-separator has-alpha-channel-opacity\"\/>\n\n\n\n<h2 class=\"wp-block-heading\">\u00a78. Odpowiedzialno\u015b\u0107<\/h2>\n\n\n\n<ol class=\"wp-block-list\">\n<li class=\"has-black-color has-text-color has-link-color wp-elements-11f55949a93f9801ec654bf3f1edafb3\">Us\u0142ugodawca nie ponosi odpowiedzialno\u015bci za zachowania innych U\u017cytkownik\u00f3w.<\/li>\n\n\n\n<li class=\"has-black-color has-text-color has-link-color wp-elements-46d2129a2ff6874dc7778a8962fcb80c\">Us\u0142ugodawca nie odpowiada za przerwy w dost\u0119pie do Us\u0142ugi wynikaj\u0105ce z przyczyn technicznych niezale\u017cnych od niego (np. awarie platformy Discord lub Stripe).<\/li>\n<\/ol>\n\n\n\n<hr class=\"wp-block-separator has-alpha-channel-opacity\"\/>\n\n\n\n<h2 class=\"wp-block-heading\">\u00a79. Postanowienia ko\u0144cowe<\/h2>\n\n\n\n<ol class=\"wp-block-list\">\n<li class=\"has-black-color has-text-color has-link-color wp-elements-c0e6b3e9c6f9f5178ffb919858704362\">Regulamin podlega prawu polskiemu.<\/li>\n\n\n\n<li class=\"has-black-color has-text-color has-link-color wp-elements-0304a7d4e2c184c0f93edc113fb0c77f\">Us\u0142ugodawca zastrzega sobie prawo do zmiany Regulaminu z wa\u017cnych przyczyn.<\/li>\n\n\n\n<li class=\"has-black-color has-text-color has-link-color wp-elements-417bceb53f2e7f4eafbb05bd74c83390\">W sprawach nieuregulowanych Regulaminem zastosowanie maj\u0105 przepisy prawa polskiego.<\/li>\n<\/ol>\n","protected":false},"excerpt":{"rendered":"<p>Przestrze\u0144 Znajomo\u015bci \u00a71. Informacje og\u00f3lne \u00a72. Definicje \u00a73. Zakres Us\u0142ugi \u00a74. Warunki korzystania \u00a74a. Wymagania techniczne \u00a75. Zawarcie umowy i Subskrypcja \u00a76. Prawo odst\u0105pienia od umowy \u00a77. Reklamacje \u00a78. Odpowiedzialno\u015b\u0107 \u00a79. Postanowienia ko\u0144cowe<\/p>\n","protected":false},"author":1,"featured_media":0,"parent":0,"menu_order":0,"comment_status":"closed","ping_status":"closed","template":"","meta":{"footnotes":""},"class_list":["post-477","page","type-page","status-publish","hentry"],"blocksy_meta":[],"yoast_head":"<!-- This site is optimized with the Yoast SEO plugin v26.7 - https:\/\/yoast.com\/wordpress\/plugins\/seo\/ -->\n<title>REGULAMIN - Przestrze\u0144 Znajomo\u015bci<\/title>\n<meta name=\"robots\" content=\"index, follow, max-snippet:-1, max-image-preview:large, max-video-preview:-1\" \/>\n<link rel=\"canonical\" href=\"https:\/\/przestrzenznajomosci.pl\/index.php\/regulamin\/\" \/>\n<meta property=\"og:locale\" content=\"pl_PL\" \/>\n<meta property=\"og:type\" content=\"article\" \/>\n<meta property=\"og:title\" content=\"REGULAMIN - Przestrze\u0144 Znajomo\u015bci\" \/>\n<meta property=\"og:description\" content=\"Przestrze\u0144 Znajomo\u015bci \u00a71. Informacje og\u00f3lne \u00a72. Definicje \u00a73. Zakres Us\u0142ugi \u00a74. Warunki korzystania \u00a74a. Wymagania techniczne \u00a75. Zawarcie umowy i Subskrypcja \u00a76. Prawo odst\u0105pienia od umowy \u00a77. Reklamacje \u00a78. Odpowiedzialno\u015b\u0107 \u00a79. Postanowienia ko\u0144cowe\" \/>\n<meta property=\"og:url\" content=\"https:\/\/przestrzenznajomosci.pl\/index.php\/regulamin\/\" \/>\n<meta property=\"og:site_name\" content=\"Przestrze\u0144 Znajomo\u015bci\" \/>\n<meta property=\"article:modified_time\" content=\"2026-01-11T01:01:10+00:00\" \/>\n<meta name=\"twitter:card\" content=\"summary_large_image\" \/>\n<meta name=\"twitter:label1\" content=\"Szacowany czas czytania\" \/>\n\t<meta name=\"twitter:data1\" content=\"4 minuty\" \/>\n<script type=\"application\/ld+json\" class=\"yoast-schema-graph\">{\"@context\":\"https:\/\/schema.org\",\"@graph\":[{\"@type\":\"WebPage\",\"@id\":\"https:\/\/przestrzenznajomosci.pl\/index.php\/regulamin\/\",\"url\":\"https:\/\/przestrzenznajomosci.pl\/index.php\/regulamin\/\",\"name\":\"REGULAMIN - Przestrze\u0144 Znajomo\u015bci\",\"isPartOf\":{\"@id\":\"https:\/\/przestrzenznajomosci.pl\/#website\"},\"datePublished\":\"2022-02-08T13:33:55+00:00\",\"dateModified\":\"2026-01-11T01:01:10+00:00\",\"breadcrumb\":{\"@id\":\"https:\/\/przestrzenznajomosci.pl\/index.php\/regulamin\/#breadcrumb\"},\"inLanguage\":\"pl-PL\",\"potentialAction\":[{\"@type\":\"ReadAction\",\"target\":[\"https:\/\/przestrzenznajomosci.pl\/index.php\/regulamin\/\"]}]},{\"@type\":\"BreadcrumbList\",\"@id\":\"https:\/\/przestrzenznajomosci.pl\/index.php\/regulamin\/#breadcrumb\",\"itemListElement\":[{\"@type\":\"ListItem\",\"position\":1,\"name\":\"Strona g\u0142\u00f3wna\",\"item\":\"https:\/\/przestrzenznajomosci.pl\/\"},{\"@type\":\"ListItem\",\"position\":2,\"name\":\"REGULAMIN\"}]},{\"@type\":\"WebSite\",\"@id\":\"https:\/\/przestrzenznajomosci.pl\/#website\",\"url\":\"https:\/\/przestrzenznajomosci.pl\/\",\"name\":\"Przestrze\u0144 Znajomo\u015bci\",\"description\":\"Spo\u0142eczno\u015b\u0107 kobiet w aplikacji Discord\",\"publisher\":{\"@id\":\"https:\/\/przestrzenznajomosci.pl\/#organization\"},\"potentialAction\":[{\"@type\":\"SearchAction\",\"target\":{\"@type\":\"EntryPoint\",\"urlTemplate\":\"https:\/\/przestrzenznajomosci.pl\/?s={search_term_string}\"},\"query-input\":{\"@type\":\"PropertyValueSpecification\",\"valueRequired\":true,\"valueName\":\"search_term_string\"}}],\"inLanguage\":\"pl-PL\"},{\"@type\":\"Organization\",\"@id\":\"https:\/\/przestrzenznajomosci.pl\/#organization\",\"name\":\"Przestrze\u0144 Znajomo\u015bci\",\"url\":\"https:\/\/przestrzenznajomosci.pl\/\",\"logo\":{\"@type\":\"ImageObject\",\"inLanguage\":\"pl-PL\",\"@id\":\"https:\/\/przestrzenznajomosci.pl\/#\/schema\/logo\/image\/\",\"url\":\"https:\/\/przestrzenznajomosci.pl\/wp-content\/uploads\/2026\/01\/przestrzen-znajomosci-logo.svg\",\"contentUrl\":\"https:\/\/przestrzenznajomosci.pl\/wp-content\/uploads\/2026\/01\/przestrzen-znajomosci-logo.svg\",\"width\":310,\"height\":106,\"caption\":\"Przestrze\u0144 Znajomo\u015bci\"},\"image\":{\"@id\":\"https:\/\/przestrzenznajomosci.pl\/#\/schema\/logo\/image\/\"}}]}<\/script>\n<!-- \/ Yoast SEO plugin. -->","yoast_head_json":{"title":"REGULAMIN - Przestrze\u0144 Znajomo\u015bci","robots":{"index":"index","follow":"follow","max-snippet":"max-snippet:-1","max-image-preview":"max-image-preview:large","max-video-preview":"max-video-preview:-1"},"canonical":"https:\/\/przestrzenznajomosci.pl\/index.php\/regulamin\/","og_locale":"pl_PL","og_type":"article","og_title":"REGULAMIN - Przestrze\u0144 Znajomo\u015bci","og_description":"Przestrze\u0144 Znajomo\u015bci \u00a71. Informacje og\u00f3lne \u00a72. Definicje \u00a73. Zakres Us\u0142ugi \u00a74. Warunki korzystania \u00a74a. Wymagania techniczne \u00a75. Zawarcie umowy i Subskrypcja \u00a76. Prawo odst\u0105pienia od umowy \u00a77. Reklamacje \u00a78. Odpowiedzialno\u015b\u0107 \u00a79. Postanowienia ko\u0144cowe","og_url":"https:\/\/przestrzenznajomosci.pl\/index.php\/regulamin\/","og_site_name":"Przestrze\u0144 Znajomo\u015bci","article_modified_time":"2026-01-11T01:01:10+00:00","twitter_card":"summary_large_image","twitter_misc":{"Szacowany czas czytania":"4 minuty"},"schema":{"@context":"https:\/\/schema.org","@graph":[{"@type":"WebPage","@id":"https:\/\/przestrzenznajomosci.pl\/index.php\/regulamin\/","url":"https:\/\/przestrzenznajomosci.pl\/index.php\/regulamin\/","name":"REGULAMIN - Przestrze\u0144 Znajomo\u015bci","isPartOf":{"@id":"https:\/\/przestrzenznajomosci.pl\/#website"},"datePublished":"2022-02-08T13:33:55+00:00","dateModified":"2026-01-11T01:01:10+00:00","breadcrumb":{"@id":"https:\/\/przestrzenznajomosci.pl\/index.php\/regulamin\/#breadcrumb"},"inLanguage":"pl-PL","potentialAction":[{"@type":"ReadAction","target":["https:\/\/przestrzenznajomosci.pl\/index.php\/regulamin\/"]}]},{"@type":"BreadcrumbList","@id":"https:\/\/przestrzenznajomosci.pl\/index.php\/regulamin\/#breadcrumb","itemListElement":[{"@type":"ListItem","position":1,"name":"Strona g\u0142\u00f3wna","item":"https:\/\/przestrzenznajomosci.pl\/"},{"@type":"ListItem","position":2,"name":"REGULAMIN"}]},{"@type":"WebSite","@id":"https:\/\/przestrzenznajomosci.pl\/#website","url":"https:\/\/przestrzenznajomosci.pl\/","name":"Przestrze\u0144 Znajomo\u015bci","description":"Spo\u0142eczno\u015b\u0107 kobiet w aplikacji Discord","publisher":{"@id":"https:\/\/przestrzenznajomosci.pl\/#organization"},"potentialAction":[{"@type":"SearchAction","target":{"@type":"EntryPoint","urlTemplate":"https:\/\/przestrzenznajomosci.pl\/?s={search_term_string}"},"query-input":{"@type":"PropertyValueSpecification","valueRequired":true,"valueName":"search_term_string"}}],"inLanguage":"pl-PL"},{"@type":"Organization","@id":"https:\/\/przestrzenznajomosci.pl\/#organization","name":"Przestrze\u0144 Znajomo\u015bci","url":"https:\/\/przestrzenznajomosci.pl\/","logo":{"@type":"ImageObject","inLanguage":"pl-PL","@id":"https:\/\/przestrzenznajomosci.pl\/#\/schema\/logo\/image\/","url":"https:\/\/przestrzenznajomosci.pl\/wp-content\/uploads\/2026\/01\/przestrzen-znajomosci-logo.svg","contentUrl":"https:\/\/przestrzenznajomosci.pl\/wp-content\/uploads\/2026\/01\/przestrzen-znajomosci-logo.svg","width":310,"height":106,"caption":"Przestrze\u0144 Znajomo\u015bci"},"image":{"@id":"https:\/\/przestrzenznajomosci.pl\/#\/schema\/logo\/image\/"}}]}},"_links":{"self":[{"href":"https:\/\/przestrzenznajomosci.pl\/index.php\/wp-json\/wp\/v2\/pages\/477","targetHints":{"allow":["GET"]}}],"collection":[{"href":"https:\/\/przestrzenznajomosci.pl\/index.php\/wp-json\/wp\/v2\/pages"}],"about":[{"href":"https:\/\/przestrzenznajomosci.pl\/index.php\/wp-json\/wp\/v2\/types\/page"}],"author":[{"embeddable":true,"href":"https:\/\/przestrzenznajomosci.pl\/index.php\/wp-json\/wp\/v2\/users\/1"}],"replies":[{"embeddable":true,"href":"https:\/\/przestrzenznajomosci.pl\/index.php\/wp-json\/wp\/v2\/comments?post=477"}],"version-history":[{"count":4,"href":"https:\/\/przestrzenznajomosci.pl\/index.php\/wp-json\/wp\/v2\/pages\/477\/revisions"}],"predecessor-version":[{"id":884,"href":"https:\/\/przestrzenznajomosci.pl\/index.php\/wp-json\/wp\/v2\/pages\/477\/revisions\/884"}],"wp:attachment":[{"href":"https:\/\/przestrzenznajomosci.pl\/index.php\/wp-json\/wp\/v2\/media?parent=477"}],"curies":[{"name":"wp","href":"https:\/\/api.w.org\/{rel}","templated":true}]}}